{"id":3405,"date":"2021-06-10T11:33:41","date_gmt":"2021-06-10T11:33:41","guid":{"rendered":"https:\/\/decuatro.es\/index.php\/cardiovascular\/"},"modified":"2021-06-30T07:11:03","modified_gmt":"2021-06-30T07:11:03","slug":"cardiovascular","status":"publish","type":"page","link":"https:\/\/decuatro.es\/ca\/cardiovascular\/","title":{"rendered":"CARDIOVASCULAR"},"content":{"rendered":"<div id='full_slider_1'  class='avia-fullwidth-slider main_color avia-shadow   avia-builder-el-0  el_before_av_heading  avia-builder-el-first   container_wrap fullsize'  ><div  class='avia-slideshow av-kpqtojx9-b48cd155f13be13eb6ab99dd1151dfda avia-slideshow-featured av_slideshow_full avia-slide-slider av-slideshow-ui av-control-default av-slideshow-manual av-loop-once av-loop-manual-endless av-default-height-applied   avia-slideshow-1' data-slideshow-options=\"{&quot;animation&quot;:&quot;slide&quot;,&quot;autoplay&quot;:false,&quot;loop_autoplay&quot;:&quot;once&quot;,&quot;interval&quot;:5,&quot;loop_manual&quot;:&quot;manual-endless&quot;,&quot;autoplay_stopper&quot;:false,&quot;noNavigation&quot;:false,&quot;bg_slider&quot;:false,&quot;keep_padding&quot;:false,&quot;hoverpause&quot;:false,&quot;show_slide_delay&quot;:0}\"  itemprop=\"image\" itemscope=\"itemscope\" itemtype=\"https:\/\/schema.org\/ImageObject\" ><ul class='avia-slideshow-inner ' style='padding-bottom: 28.666666666667%;'><li  class='avia-slideshow-slide av-kpqtojx9-b48cd155f13be13eb6ab99dd1151dfda__0  slide-1 slide-odd'><div data-rel='slideshow-1' class='avia-slide-wrap '   ><img decoding=\"async\" class=\"wp-image-3509 avia-img-lazy-loading-not-3509\"  src=\"https:\/\/decuatro.es\/wp-content\/uploads\/2021\/06\/Chordae-1500x430.jpg\" width=\"1500\" height=\"430\" title='Chordae' alt=''  itemprop=\"thumbnailUrl\"   \/><\/div><\/li><li  class='avia-slideshow-slide av-kpqtojx9-b48cd155f13be13eb6ab99dd1151dfda__1  slide-2 slide-even'><div data-rel='slideshow-1' class='avia-slide-wrap '   ><img decoding=\"async\" class=\"wp-image-3507 avia-img-lazy-loading-not-3507\"  src=\"https:\/\/decuatro.es\/wp-content\/uploads\/2021\/06\/GentaColl_compilation2-1500x430.png\" width=\"1500\" height=\"430\" title='GentaColl_compilation2' alt=''  itemprop=\"thumbnailUrl\"   \/><\/div><\/li><li  class='avia-slideshow-slide av-kpqtojx9-b48cd155f13be13eb6ab99dd1151dfda__2  slide-3 slide-odd'><div data-rel='slideshow-1' class='avia-slide-wrap '   ><img decoding=\"async\" class=\"wp-image-3578 avia-img-lazy-loading-not-3578\"  src=\"https:\/\/decuatro.es\/wp-content\/uploads\/2021\/06\/2punch-1500x430.png\" width=\"1500\" height=\"430\" title='2punch' alt=''  itemprop=\"thumbnailUrl\"   \/><\/div><\/li><\/ul><div class='avia-slideshow-arrows avia-slideshow-controls' ><a href='#prev' class='prev-slide ' aria-hidden='true' data-av_icon='\ue87c' data-av_iconfont='entypo-fontello'  tabindex='-1'>Anterior<\/a><a href='#next' class='next-slide ' aria-hidden='true' data-av_icon='\ue87d' data-av_iconfont='entypo-fontello'  tabindex='-1'>Seg\u00fcent<\/a><\/div><div class='avia-slideshow-dots avia-slideshow-controls'><a href='#1' class='goto-slide active' >1<\/a><a href='#2' class='goto-slide ' >2<\/a><a href='#3' class='goto-slide ' >3<\/a><\/div><\/div><\/div><div id='after_full_slider_1'  class='main_color av_default_container_wrap container_wrap fullsize'  ><div class='container av-section-cont-open' ><div class='template-page content  av-content-full alpha units'><div class='post-entry post-entry-type-page post-entry-3405'><div class='entry-content-wrapper clearfix'>\n\n<style type=\"text\/css\" data-created_by=\"avia_inline_auto\" id=\"style-css-av-kpqu77yz-8a13cb09f836489a737fad45909ecd4d\">\n#top .av-special-heading.av-kpqu77yz-8a13cb09f836489a737fad45909ecd4d{\npadding-bottom:10px;\n}\nbody .av-special-heading.av-kpqu77yz-8a13cb09f836489a737fad45909ecd4d .av-special-heading-tag .heading-char{\nfont-size:25px;\n}\n.av-special-heading.av-kpqu77yz-8a13cb09f836489a737fad45909ecd4d .av-subheading{\nfont-size:15px;\n}\n<\/style>\n<div  class='av-special-heading av-kpqu77yz-8a13cb09f836489a737fad45909ecd4d av-special-heading-h3  avia-builder-el-1  el_after_av_slideshow_full  el_before_av_hr  avia-builder-el-first '><h3 class='av-special-heading-tag'  itemprop=\"headline\"  >Empreses i productes que distribu\u00efm<\/h3><div class=\"special-heading-border\"><div class=\"special-heading-inner-border\"><\/div><\/div><\/div>\n\n<style type=\"text\/css\" data-created_by=\"avia_inline_auto\" id=\"style-css-av-kpqucs2e-9327c253bf3eef20954435fbbffe4d53\">\n#top .hr.hr-invisible.av-kpqucs2e-9327c253bf3eef20954435fbbffe4d53{\nheight:30px;\n}\n<\/style>\n<div  class='hr av-kpqucs2e-9327c253bf3eef20954435fbbffe4d53 hr-invisible  avia-builder-el-2  el_after_av_heading  el_before_av_one_third '><span class='hr-inner '><span class=\"hr-inner-style\"><\/span><\/span><\/div>\n\n<style type=\"text\/css\" data-created_by=\"avia_inline_auto\" id=\"style-css-av-6vwjfk-548200945b5f532ec28d544ef394313a\">\n.flex_column.av-6vwjfk-548200945b5f532ec28d544ef394313a{\n-webkit-border-radius:0px 0px 0px 0px;\n-moz-border-radius:0px 0px 0px 0px;\nborder-radius:0px 0px 0px 0px;\npadding:0px 0px 0px 0px;\n}\n<\/style>\n<div class='flex_column av-6vwjfk-548200945b5f532ec28d544ef394313a av_one_third  avia-builder-el-3  el_after_av_hr  el_before_av_one_third  first flex_column_div av-zero-column-padding '     ><p>\n<style type=\"text\/css\" data-created_by=\"avia_inline_auto\" id=\"style-css-av-65ggqo-8c1b46b73fb3a340ee22f04b715595cf\">\n.avia-image-container.av-65ggqo-8c1b46b73fb3a340ee22f04b715595cf img.avia_image{\nbox-shadow:none;\n}\n.avia-image-container.av-65ggqo-8c1b46b73fb3a340ee22f04b715595cf .av-image-caption-overlay-center{\ncolor:#ffffff;\n}\n<\/style>\n<div  class='avia-image-container av-65ggqo-8c1b46b73fb3a340ee22f04b715595cf av-styling-no-styling avia-align-center  avia-builder-el-4  el_before_av_textblock  avia-builder-el-first '   itemprop=\"image\" itemscope=\"itemscope\" itemtype=\"https:\/\/schema.org\/ImageObject\" ><div class=\"avia-image-container-inner\"><div class=\"avia-image-overlay-wrap\"><a href=\"https:\/\/www.goremedical.com\/eu\/products\" class='avia_image' target=\"_blank\" rel=\"noopener noreferrer\"><img decoding=\"async\" class='wp-image-3387 avia-img-lazy-loading-not-3387 avia_image ' src=\"https:\/\/decuatro.es\/wp-content\/uploads\/2021\/06\/logostacked_Gore-authorized-distributor-300x165.png\" alt='' title=''  height=\"165\" width=\"300\"  itemprop=\"thumbnailUrl\" srcset=\"https:\/\/decuatro.es\/wp-content\/uploads\/2021\/06\/logostacked_Gore-authorized-distributor-300x165.png 300w, https:\/\/decuatro.es\/wp-content\/uploads\/2021\/06\/logostacked_Gore-authorized-distributor-705x388.png 705w, https:\/\/decuatro.es\/wp-content\/uploads\/2021\/06\/logostacked_Gore-authorized-distributor.png 738w\" sizes=\"(max-width: 300px) 100vw, 300px\" \/><\/a><\/div><\/div><\/div><br \/>\n<section  class='av_textblock_section av-kpqtm308-5203e67010b85160d9a900a8833beca3'  itemscope=\"itemscope\" itemtype=\"https:\/\/schema.org\/CreativeWork\" ><div class='avia_textblock'  itemprop=\"text\" ><p>L&#8217;empresa Gore porta m\u00e9s de 40 anys fabricant productes m\u00e8dics fiables i d&#8217;alta qualitat per al tractament quir\u00fargic i la correcci\u00f3 de defectes card\u00edacs cong\u00e8nits. Els productes Gore per a cirurgia card\u00edaca inclouen: pr\u00f2tesis vasculars, pegats cardiovasculars i membranes peric\u00e1rdicas.<\/p>\n<\/div><\/section><br \/>\n<div  class='togglecontainer av-kpqtrybh-c27daa199887002c95a33316f89c8dfa  avia-builder-el-6  el_after_av_textblock  avia-builder-el-last  toggle_close_all' >\n<section class='av_toggle_section av-kpqtrm1y-0b595940b4d43294fd7f4af6d08dea78'  itemscope=\"itemscope\" itemtype=\"https:\/\/schema.org\/CreativeWork\" ><div role=\"tablist\" class=\"single_toggle\" data-tags=\"{All} \"  ><p data-fake-id='#toggle-id-1' class='toggler   '  itemprop=\"headline\"  role='tab' tabindex='0' aria-controls='toggle-id-1'>LLISTAT DE PRODUCTES DE GORE<span class=\"toggle_icon\"><span class=\"vert_icon\"><\/span><span class=\"hor_icon\"><\/span><\/span><\/p><div id='toggle-id-1' class='toggle_wrap  '  ><div class='toggle_content invers-color '  itemprop=\"text\" ><ul>\n<li>Membrana peric\u00e0rdica GORE\u00ae PRECLUDE\u00ae<\/li>\n<li>Pegat cardiovascular GORE-TEX \u00ae<\/li>\n<li>Pegat cardiovascular GORE\u00ae ACUSEAL<\/li>\n<li>Sutures per a cordes tendinoses GORE-TEX \u00ae<\/li>\n<li>Pr\u00f2tesis vascular extensible GORE-TEX \u00ae<\/li>\n<li>Pr\u00f2tesis vascular GORE\u00ae PROPATEN\u00ae<\/li>\n<\/ul>\n<\/div><\/div><\/div><\/section>\n<\/div><\/p><\/div>\n<style type=\"text\/css\" data-created_by=\"avia_inline_auto\" id=\"style-css-av-4h2okg-f98c5538dd8f150fc9cb345d614f2f22\">\n.flex_column.av-4h2okg-f98c5538dd8f150fc9cb345d614f2f22{\n-webkit-border-radius:0px 0px 0px 0px;\n-moz-border-radius:0px 0px 0px 0px;\nborder-radius:0px 0px 0px 0px;\npadding:0px 0px 0px 0px;\n}\n<\/style>\n<div class='flex_column av-4h2okg-f98c5538dd8f150fc9cb345d614f2f22 av_one_third  avia-builder-el-7  el_after_av_one_third  el_before_av_one_third  flex_column_div av-zero-column-padding '     ><p>\n<style type=\"text\/css\" data-created_by=\"avia_inline_auto\" id=\"style-css-av-kpqtmgru-de18d8bd5643e1d800c7daa89154cd2c\">\n.avia-image-container.av-kpqtmgru-de18d8bd5643e1d800c7daa89154cd2c img.avia_image{\nbox-shadow:none;\n}\n.avia-image-container.av-kpqtmgru-de18d8bd5643e1d800c7daa89154cd2c .av-image-caption-overlay-center{\ncolor:#ffffff;\n}\n<\/style>\n<div  class='avia-image-container av-kpqtmgru-de18d8bd5643e1d800c7daa89154cd2c av-styling- avia-align-center  avia-builder-el-8  el_before_av_textblock  avia-builder-el-first '   itemprop=\"image\" itemscope=\"itemscope\" itemtype=\"https:\/\/schema.org\/ImageObject\" ><div class=\"avia-image-container-inner\"><div class=\"avia-image-overlay-wrap\"><a href=\"http:\/\/aemedical.com\/products\/\" class='avia_image' target=\"_blank\" rel=\"noopener noreferrer\"><img decoding=\"async\" class='wp-image-3468 avia-img-lazy-loading-not-3468 avia_image ' src=\"https:\/\/decuatro.es\/wp-content\/uploads\/2021\/06\/zb_h_cmyk-002-300x54.jpg\" alt='' title=''  height=\"54\" width=\"300\"  itemprop=\"thumbnailUrl\" srcset=\"https:\/\/decuatro.es\/wp-content\/uploads\/2021\/06\/zb_h_cmyk-002-300x54.jpg 300w, https:\/\/decuatro.es\/wp-content\/uploads\/2021\/06\/zb_h_cmyk-002-1030x186.jpg 1030w, https:\/\/decuatro.es\/wp-content\/uploads\/2021\/06\/zb_h_cmyk-002-768x138.jpg 768w, https:\/\/decuatro.es\/wp-content\/uploads\/2021\/06\/zb_h_cmyk-002-705x127.jpg 705w, https:\/\/decuatro.es\/wp-content\/uploads\/2021\/06\/zb_h_cmyk-002.jpg 1276w\" sizes=\"(max-width: 300px) 100vw, 300px\" \/><\/a><\/div><\/div><\/div><br \/>\n<section  class='av_textblock_section av-kpqtmnv7-73b6f4520c8bd4ec52102f35f5c97da2'  itemscope=\"itemscope\" itemtype=\"https:\/\/schema.org\/CreativeWork\" ><div class='avia_textblock'  itemprop=\"text\" ><p>Zimmer Biomet \u00e9s una empresa de cirurgia cardiotor\u00e0cica d&#8217;avantguarda que ofereix una \u00e0mplia cartera de productes per satisfer les necessitats de clients de tot el m\u00f3n. L&#8217;oferta de productes de Zimmer Biomet inclou un conjunt de solucions de tancament de est\u00e8rnum, des sutures fins a sistemes de fixaci\u00f3 r\u00edgids, i una l\u00ednia completa de cables d&#8217;estimulaci\u00f3 d&#8217;un sol \u00fas i punx\u00f3 quir\u00fargic. A&amp;E Medical \u00e9s una empresa de Zimmer Biomet.<\/p>\n<\/div><\/section><br \/>\n<div  class='togglecontainer av-kpqttvx8-7ecf8214d8e6c0441c95b29160c01e54  avia-builder-el-10  el_after_av_textblock  avia-builder-el-last  toggle_close_all' >\n<section class='av_toggle_section av-kpqttvcv-d59d4cc40545df920e877d475664bd9e'  itemscope=\"itemscope\" itemtype=\"https:\/\/schema.org\/CreativeWork\" ><div role=\"tablist\" class=\"single_toggle\" data-tags=\"{All} \"  ><p data-fake-id='#toggle-id-2' class='toggler   '  itemprop=\"headline\"  role='tab' tabindex='0' aria-controls='toggle-id-2'>LLISTAT DE PRODUCTES DE ZIMMER BIOMET<span class=\"toggle_icon\"><span class=\"vert_icon\"><\/span><span class=\"hor_icon\"><\/span><\/span><\/p><div id='toggle-id-2' class='toggle_wrap  '  ><div class='toggle_content invers-color '  itemprop=\"text\" ><ul>\n<li>Cable d&#8217;estimulaci\u00f3 card\u00edaca MYO \/ WIRE\u00ae Ultra-Flex<\/li>\n<li>Cable d&#8217;estimulaci\u00f3 card\u00edaca MYO \/ WIRE\u00ae Ultra-Thin<\/li>\n<li>Sutura de estern Single Wire<\/li>\n<li>Sutura de estern DoubleWire \u2122<\/li>\n<li>Ganxo per sutures de estern DoubleWire \u2122<\/li>\n<li>Punx\u00f3 quir\u00fargic A &amp; I Medical \u2122<\/li>\n<\/ul>\n<\/div><\/div><\/div><\/section>\n<\/div><\/p><\/div>\n<style type=\"text\/css\" data-created_by=\"avia_inline_auto\" id=\"style-css-av-2w02io-fcf58defde3eae15483e2735ca73c9d9\">\n.flex_column.av-2w02io-fcf58defde3eae15483e2735ca73c9d9{\n-webkit-border-radius:0px 0px 0px 0px;\n-moz-border-radius:0px 0px 0px 0px;\nborder-radius:0px 0px 0px 0px;\npadding:0px 0px 0px 0px;\n}\n<\/style>\n<div class='flex_column av-2w02io-fcf58defde3eae15483e2735ca73c9d9 av_one_third  avia-builder-el-11  el_after_av_one_third  el_before_av_hr  flex_column_div av-zero-column-padding '     ><p>\n<style type=\"text\/css\" data-created_by=\"avia_inline_auto\" id=\"style-css-av-kpqtmtma-33fe1943b120692038d7015c29a57013\">\n.avia-image-container.av-kpqtmtma-33fe1943b120692038d7015c29a57013 img.avia_image{\nbox-shadow:none;\n}\n.avia-image-container.av-kpqtmtma-33fe1943b120692038d7015c29a57013 .av-image-caption-overlay-center{\ncolor:#ffffff;\n}\n<\/style>\n<div  class='avia-image-container av-kpqtmtma-33fe1943b120692038d7015c29a57013 av-styling- avia-align-center  avia-builder-el-12  el_before_av_textblock  avia-builder-el-first '   itemprop=\"image\" itemscope=\"itemscope\" itemtype=\"https:\/\/schema.org\/ImageObject\" ><div class=\"avia-image-container-inner\"><div class=\"avia-image-overlay-wrap\"><a href=\"http:\/\/www.resorba.com\/region\/row\/product\/biosurgicals\/\" class='avia_image' target=\"_blank\" rel=\"noopener noreferrer\"><img decoding=\"async\" class='wp-image-3476 avia-img-lazy-loading-not-3476 avia_image ' src=\"https:\/\/decuatro.es\/wp-content\/uploads\/2021\/06\/ResorbaBiosurgicals-Logo-300x69.png\" alt='' title=''  height=\"69\" width=\"300\"  itemprop=\"thumbnailUrl\" srcset=\"https:\/\/decuatro.es\/wp-content\/uploads\/2021\/06\/ResorbaBiosurgicals-Logo-300x69.png 300w, https:\/\/decuatro.es\/wp-content\/uploads\/2021\/06\/ResorbaBiosurgicals-Logo-1030x237.png 1030w, https:\/\/decuatro.es\/wp-content\/uploads\/2021\/06\/ResorbaBiosurgicals-Logo-768x177.png 768w, https:\/\/decuatro.es\/wp-content\/uploads\/2021\/06\/ResorbaBiosurgicals-Logo-705x162.png 705w, https:\/\/decuatro.es\/wp-content\/uploads\/2021\/06\/ResorbaBiosurgicals-Logo.png 1189w\" sizes=\"(max-width: 300px) 100vw, 300px\" \/><\/a><\/div><\/div><\/div><br \/>\n<section  class='av_textblock_section av-kpqtmzgu-25c4be6f74db634c333fe7985b3dc18a'  itemscope=\"itemscope\" itemtype=\"https:\/\/schema.org\/CreativeWork\" ><div class='avia_textblock'  itemprop=\"text\" ><p>Desenvolupador i fabricant independent l\u00edder en el m\u00f3n de productes innovadors i tecnol\u00f2gicament avan\u00e7ats per als mercats mundials de la cura avan\u00e7at de ferides, la cirurgia i el tancament de ferides, centrats en el valor per als nostres clients i els resultats de qualitat per als pacients.<\/p>\n<\/div><\/section><br \/>\n<div  class='togglecontainer av-kpqtud3v-0ffcc18eaa1cae4e58107598dd529d18  avia-builder-el-14  el_after_av_textblock  avia-builder-el-last  toggle_close_all' >\n<section class='av_toggle_section av-kpqtucsh-43a649fb7e79ee25e76aadec51c5a707'  itemscope=\"itemscope\" itemtype=\"https:\/\/schema.org\/CreativeWork\" ><div role=\"tablist\" class=\"single_toggle\" data-tags=\"{All} \"  ><p data-fake-id='#toggle-id-3' class='toggler   '  itemprop=\"headline\"  role='tab' tabindex='0' aria-controls='toggle-id-3'>LLISTAT DE PRODUCTES DE RESORBA\u00ae<span class=\"toggle_icon\"><span class=\"vert_icon\"><\/span><span class=\"hor_icon\"><\/span><\/span><\/p><div id='toggle-id-3' class='toggle_wrap  '  ><div class='toggle_content invers-color '  itemprop=\"text\" ><ul>\n<li>Esponja de col\u00b7lagen amb protecci\u00f3 antibi\u00f2tica GENTA-COLL\u00ae resorb<\/li>\n<\/ul>\n<\/div><\/div><\/div><\/section>\n<\/div><\/p><\/div>\n<style type=\"text\/css\" data-created_by=\"avia_inline_auto\" id=\"style-css-av-kpqubx8w-0c86d9540b6f474f177f0926ccf94d61\">\n#top .hr.hr-invisible.av-kpqubx8w-0c86d9540b6f474f177f0926ccf94d61{\nheight:150px;\n}\n<\/style>\n<div  class='hr av-kpqubx8w-0c86d9540b6f474f177f0926ccf94d61 hr-invisible  avia-builder-el-15  el_after_av_one_third  avia-builder-el-last '><span class='hr-inner '><span class=\"hr-inner-style\"><\/span><\/span><\/div><\/p>\n","protected":false},"excerpt":{"rendered":"","protected":false},"author":2,"featured_media":0,"parent":0,"menu_order":0,"comment_status":"closed","ping_status":"closed","template":"","meta":{"footnotes":""},"class_list":["post-3405","page","type-page","status-publish","hentry"],"_links":{"self":[{"href":"https:\/\/decuatro.es\/ca\/wp-json\/wp\/v2\/pages\/3405","targetHints":{"allow":["GET"]}}],"collection":[{"href":"https:\/\/decuatro.es\/ca\/wp-json\/wp\/v2\/pages"}],"about":[{"href":"https:\/\/decuatro.es\/ca\/wp-json\/wp\/v2\/types\/page"}],"author":[{"embeddable":true,"href":"https:\/\/decuatro.es\/ca\/wp-json\/wp\/v2\/users\/2"}],"replies":[{"embeddable":true,"href":"https:\/\/decuatro.es\/ca\/wp-json\/wp\/v2\/comments?post=3405"}],"version-history":[{"count":18,"href":"https:\/\/decuatro.es\/ca\/wp-json\/wp\/v2\/pages\/3405\/revisions"}],"predecessor-version":[{"id":3679,"href":"https:\/\/decuatro.es\/ca\/wp-json\/wp\/v2\/pages\/3405\/revisions\/3679"}],"wp:attachment":[{"href":"https:\/\/decuatro.es\/ca\/wp-json\/wp\/v2\/media?parent=3405"}],"curies":[{"name":"wp","href":"https:\/\/api.w.org\/{rel}","templated":true}]}}