{"id":3422,"date":"2021-05-24T10:24:33","date_gmt":"2021-05-24T10:24:33","guid":{"rendered":"https:\/\/decuatro.es\/contacte\/"},"modified":"2021-10-01T11:55:38","modified_gmt":"2021-10-01T11:55:38","slug":"contacto","status":"publish","type":"page","link":"https:\/\/decuatro.es\/ca\/contacto\/","title":{"rendered":"CONTACTO"},"content":{"rendered":"<div id='full_slider_1'  class='avia-fullwidth-slider main_color avia-shadow   avia-builder-el-0  el_before_av_one_fourth  avia-builder-el-first   container_wrap fullsize'  ><div  class='avia-slideshow av-kqj9sxwv-0e14694596b4c24049c6f92d66444751 avia-slideshow-featured av_slideshow_full avia-slide-slider av-slideshow-ui av-control-default av-slideshow-manual av-loop-once av-loop-manual-endless av-default-height-applied   avia-slideshow-1' data-slideshow-options=\"{&quot;animation&quot;:&quot;slide&quot;,&quot;autoplay&quot;:false,&quot;loop_autoplay&quot;:&quot;once&quot;,&quot;interval&quot;:5,&quot;loop_manual&quot;:&quot;manual-endless&quot;,&quot;autoplay_stopper&quot;:false,&quot;noNavigation&quot;:false,&quot;bg_slider&quot;:false,&quot;keep_padding&quot;:false,&quot;hoverpause&quot;:false,&quot;show_slide_delay&quot;:0}\"  itemprop=\"image\" itemscope=\"itemscope\" itemtype=\"https:\/\/schema.org\/ImageObject\" ><ul class='avia-slideshow-inner ' style='padding-bottom: 28.666666666667%;'><li  class='avia-slideshow-slide av-kqj9sxwv-0e14694596b4c24049c6f92d66444751__0  slide-1 slide-odd'><div data-rel='slideshow-1' class='avia-slide-wrap '   ><img decoding=\"async\" class=\"wp-image-3391 avia-img-lazy-loading-not-3391\"  src=\"https:\/\/decuatro.es\/wp-content\/uploads\/2021\/06\/pexels-oleg-prachuk-8190309-1500x430.jpg\" width=\"1500\" height=\"430\" title='pexels-oleg-prachuk-8190309' alt=''  itemprop=\"thumbnailUrl\"   \/><\/div><\/li><li  class='avia-slideshow-slide av-kqj9sxwv-0e14694596b4c24049c6f92d66444751__1  slide-2 slide-even'><div data-rel='slideshow-1' class='avia-slide-wrap '   ><img decoding=\"async\" class=\"wp-image-3392 avia-img-lazy-loading-not-3392\"  src=\"https:\/\/decuatro.es\/wp-content\/uploads\/2021\/06\/pexels-yelena-odintsova-6151559-1500x430.jpg\" width=\"1500\" height=\"430\" title='pexels-yelena-odintsova-6151559' alt=''  itemprop=\"thumbnailUrl\"   \/><\/div><\/li><\/ul><div class='avia-slideshow-arrows avia-slideshow-controls' ><a href='#prev' class='prev-slide ' aria-hidden='true' data-av_icon='\ue87c' data-av_iconfont='entypo-fontello'  tabindex='-1'>Anterior<\/a><a href='#next' class='next-slide ' aria-hidden='true' data-av_icon='\ue87d' data-av_iconfont='entypo-fontello'  tabindex='-1'>Seg\u00fcent<\/a><\/div><div class='avia-slideshow-dots avia-slideshow-controls'><a href='#1' class='goto-slide active' >1<\/a><a href='#2' class='goto-slide ' >2<\/a><\/div><\/div><\/div><div id='after_full_slider_1'  class='main_color av_default_container_wrap container_wrap fullsize'  ><div class='container av-section-cont-open' ><div class='template-page content  av-content-full alpha units'><div class='post-entry post-entry-type-page post-entry-3422'><div class='entry-content-wrapper clearfix'>\n\n<style type=\"text\/css\" data-created_by=\"avia_inline_auto\" id=\"style-css-av-av_one_fourth-53b0b300fb3685750664fb085c5ad19d\">\n.flex_column.av-av_one_fourth-53b0b300fb3685750664fb085c5ad19d{\n-webkit-border-radius:0px 0px 0px 0px;\n-moz-border-radius:0px 0px 0px 0px;\nborder-radius:0px 0px 0px 0px;\npadding:0px 0px 0px 0px;\n}\n<\/style>\n<div class='flex_column av-av_one_fourth-53b0b300fb3685750664fb085c5ad19d av_one_fourth  avia-builder-el-1  el_after_av_slideshow_full  el_before_av_one_half  avia-builder-el-first  first flex_column_div av-zero-column-padding '     ><\/div>\n\n<style type=\"text\/css\" data-created_by=\"avia_inline_auto\" id=\"style-css-av-av_one_half-7984035d50f0055e2d8c0f71fa3ebd04\">\n.flex_column.av-av_one_half-7984035d50f0055e2d8c0f71fa3ebd04{\n-webkit-border-radius:0px 0px 0px 0px;\n-moz-border-radius:0px 0px 0px 0px;\nborder-radius:0px 0px 0px 0px;\npadding:0px 0px 0px 0px;\n}\n<\/style>\n<div class='flex_column av-av_one_half-7984035d50f0055e2d8c0f71fa3ebd04 av_one_half  avia-builder-el-2  el_after_av_one_fourth  el_before_av_one_fourth  flex_column_div av-zero-column-padding '     ><p>\n<style type=\"text\/css\" data-created_by=\"avia_inline_auto\" id=\"style-css-av-kqj60sa5-9f1b8b9f65a4918f910ebaeb9f8019e6\">\n#top .av-special-heading.av-kqj60sa5-9f1b8b9f65a4918f910ebaeb9f8019e6{\npadding-bottom:10px;\n}\nbody .av-special-heading.av-kqj60sa5-9f1b8b9f65a4918f910ebaeb9f8019e6 .av-special-heading-tag .heading-char{\nfont-size:25px;\n}\n.av-special-heading.av-kqj60sa5-9f1b8b9f65a4918f910ebaeb9f8019e6 .av-subheading{\nfont-size:15px;\n}\n<\/style>\n<div  class='av-special-heading av-kqj60sa5-9f1b8b9f65a4918f910ebaeb9f8019e6 av-special-heading-h2 blockquote modern-quote modern-centered  avia-builder-el-3  el_before_av_textblock  avia-builder-el-first '><h2 class='av-special-heading-tag'  itemprop=\"headline\"  >D\u20194 Distribuciones Hospitalarias, S.L.<\/h2><div class=\"special-heading-border\"><div class=\"special-heading-inner-border\"><\/div><\/div><\/div><br \/>\n\n<style type=\"text\/css\" data-created_by=\"avia_inline_auto\" id=\"style-css-av-kqj60hav-4568265f5854a1ebd5925d184d18bef3\">\n#top .av_textblock_section.av-kqj60hav-4568265f5854a1ebd5925d184d18bef3 .avia_textblock{\nfont-size:14px;\n}\n<\/style>\n<section  class='av_textblock_section av-kqj60hav-4568265f5854a1ebd5925d184d18bef3'  itemscope=\"itemscope\" itemtype=\"https:\/\/schema.org\/CreativeWork\" ><div class='avia_textblock'  itemprop=\"text\" ><p>Distribu\u00efdora de material m\u00e8dic quir\u00fargic, de diagn\u00f2stic i electromedicina a Catalunya.<\/p>\n<p>La nostra cartera de productes inclou productes per a cirurgia cardiovascular, digestiu, diagn\u00f2stic, urg\u00e8ncies i emerg\u00e8ncies. Aix\u00ed mateix, oferim solucions per a la farm\u00e0cia hospital\u00e0ria.<\/p>\n<p>Creada el 2003 per un equip de professionals amb un profund coneixement de la ind\u00fastria farmac\u00e8utica i hospital\u00e0ria est\u00e0 formada, actualment, per un equip jove i din\u00e0mic amb una gran vocaci\u00f3 de servei la prioritat \u00e9s l&#8217;atenci\u00f3 a client.<\/p>\n<p>El nostre coneixement de l&#8217;mercat i la nostra for\u00e7a de vendes consoliden la nostra posici\u00f3 en el mercat.<\/p>\n<p><span class=\"VIiyi\" lang=\"ca\"><span class=\"JLqJ4b ChMk0b\" data-language-for-alternatives=\"ca\" data-language-to-translate-into=\"es\" data-phrase-index=\"0\">Estem<\/span> <span class=\"JLqJ4b ChMk0b\" data-language-for-alternatives=\"ca\" data-language-to-translate-into=\"es\" data-phrase-index=\"1\">a la teva disposici\u00f3<\/span> <span class=\"JLqJ4b ChMk0b\" data-language-for-alternatives=\"ca\" data-language-to-translate-into=\"es\" data-phrase-index=\"2\">al tel\u00e8fon<\/span> <strong><span class=\"JLqJ4b ChMk0b\" data-language-for-alternatives=\"ca\" data-language-to-translate-into=\"es\" data-phrase-index=\"3\">934 463 460<\/span> <\/strong><span class=\"JLqJ4b ChMk0b\" data-language-for-alternatives=\"ca\" data-language-to-translate-into=\"es\" data-phrase-index=\"4\">o correu<\/span> <span class=\"JLqJ4b ChMk0b\" data-language-for-alternatives=\"ca\" data-language-to-translate-into=\"es\" data-phrase-index=\"5\">electr\u00f2nic <a href=\"mailto:serveiclients-1@decuatro.es\" target=\"_blank\" rel=\"noopener\">serveiclients-1@decuatro.es<\/a><\/span><\/span><\/p>\n<\/div><\/section><br \/>\n<div  class='hr av-av_hr-91d7ccd583a503147498e120fee2ff9b hr-default  avia-builder-el-5  el_after_av_textblock  avia-builder-el-last '><span class='hr-inner '><span class=\"hr-inner-style\"><\/span><\/span><\/div><\/p><\/div>\n<style type=\"text\/css\" data-created_by=\"avia_inline_auto\" id=\"style-css-av-av_one_fourth-7984035d50f0055e2d8c0f71fa3ebd04\">\n.flex_column.av-av_one_fourth-7984035d50f0055e2d8c0f71fa3ebd04{\n-webkit-border-radius:0px 0px 0px 0px;\n-moz-border-radius:0px 0px 0px 0px;\nborder-radius:0px 0px 0px 0px;\npadding:0px 0px 0px 0px;\n}\n<\/style>\n<div class='flex_column av-av_one_fourth-7984035d50f0055e2d8c0f71fa3ebd04 av_one_fourth  avia-builder-el-6  el_after_av_one_half  el_before_av_section  avia-builder-el-last  flex_column_div av-zero-column-padding '     ><\/div><\/p>\n<\/div><\/div><\/div><!-- close content main div --><\/div><\/div><div id='mapa'  class='avia-section av-5eavtu-d258c51ff8ede14dd16542d0854aa6ad main_color avia-section-default avia-no-border-styling  avia-builder-el-7  el_after_av_one_fourth  avia-builder-el-last  mapa avia-bg-style-scroll container_wrap fullsize'  ><div class='container av-section-cont-open' ><div class='template-page content  av-content-full alpha units'><div class='post-entry post-entry-type-page post-entry-3422'><div class='entry-content-wrapper clearfix'>\n<div  class='av_gmaps_sc_main_wrap av_gmaps_main_wrap '><div id='av_gmap_0' class='avia-google-map-container avia-google-map-sc av_gmaps_show_unconditionally av-no-fallback-img ' data-mapid='av_gmap_0'  style='height: 400px;'><a class=\"av_gmaps_browser_disabled av_text_confirm_link av_text_confirm_link_visible\" href=\"https:\/\/www.google.com\/maps\/search\/?api=1&#038;query=calle%20sant%20quint\u00ed,%2037%20%20Barcelona\" target=\"_blank\" rel=\"noopener\">Maps were disabled by the visitor on this site. Click to open the map in a new window.<\/a><\/div><\/div>\n\n","protected":false},"excerpt":{"rendered":"","protected":false},"author":1,"featured_media":0,"parent":0,"menu_order":0,"comment_status":"closed","ping_status":"closed","template":"","meta":{"footnotes":""},"class_list":["post-3422","page","type-page","status-publish","hentry"],"_links":{"self":[{"href":"https:\/\/decuatro.es\/ca\/wp-json\/wp\/v2\/pages\/3422","targetHints":{"allow":["GET"]}}],"collection":[{"href":"https:\/\/decuatro.es\/ca\/wp-json\/wp\/v2\/pages"}],"about":[{"href":"https:\/\/decuatro.es\/ca\/wp-json\/wp\/v2\/types\/page"}],"author":[{"embeddable":true,"href":"https:\/\/decuatro.es\/ca\/wp-json\/wp\/v2\/users\/1"}],"replies":[{"embeddable":true,"href":"https:\/\/decuatro.es\/ca\/wp-json\/wp\/v2\/comments?post=3422"}],"version-history":[{"count":16,"href":"https:\/\/decuatro.es\/ca\/wp-json\/wp\/v2\/pages\/3422\/revisions"}],"predecessor-version":[{"id":3723,"href":"https:\/\/decuatro.es\/ca\/wp-json\/wp\/v2\/pages\/3422\/revisions\/3723"}],"wp:attachment":[{"href":"https:\/\/decuatro.es\/ca\/wp-json\/wp\/v2\/media?parent=3422"}],"curies":[{"name":"wp","href":"https:\/\/api.w.org\/{rel}","templated":true}]}}