{"id":3554,"date":"2021-06-23T10:43:36","date_gmt":"2021-06-23T10:43:36","guid":{"rendered":"https:\/\/decuatro.es\/?page_id=3554"},"modified":"2021-06-23T11:25:43","modified_gmt":"2021-06-23T11:25:43","slug":"endoscopia","status":"publish","type":"page","link":"https:\/\/decuatro.es\/ca\/endoscopia\/","title":{"rendered":"ENDOSCOPIA DIGESTIVA"},"content":{"rendered":"<div id='full_slider_1'  class='avia-fullwidth-slider main_color avia-shadow   avia-builder-el-0  el_before_av_heading  avia-builder-el-first   container_wrap fullsize'  ><div  class='avia-slideshow av-kpqtojx9-b48cd155f13be13eb6ab99dd1151dfda avia-slideshow-featured av_slideshow_full avia-slide-slider av-slideshow-ui av-control-default av-slideshow-manual av-loop-once av-loop-manual-endless av-default-height-applied   avia-slideshow-1' data-slideshow-options=\"{&quot;animation&quot;:&quot;slide&quot;,&quot;autoplay&quot;:false,&quot;loop_autoplay&quot;:&quot;once&quot;,&quot;interval&quot;:5,&quot;loop_manual&quot;:&quot;manual-endless&quot;,&quot;autoplay_stopper&quot;:false,&quot;noNavigation&quot;:false,&quot;bg_slider&quot;:false,&quot;keep_padding&quot;:false,&quot;hoverpause&quot;:false,&quot;show_slide_delay&quot;:0}\"  itemprop=\"image\" itemscope=\"itemscope\" itemtype=\"https:\/\/schema.org\/ImageObject\" ><ul class='avia-slideshow-inner ' style='padding-bottom: 28.666666666667%;'><li  class='avia-slideshow-slide av-kpqtojx9-b48cd155f13be13eb6ab99dd1151dfda__0  slide-1 slide-odd'><div data-rel='slideshow-1' class='avia-slide-wrap '   ><img decoding=\"async\" class=\"wp-image-3572 avia-img-lazy-loading-not-3572\"  src=\"https:\/\/decuatro.es\/wp-content\/uploads\/2021\/06\/BD-IMGP3157-1500x430.jpg\" width=\"1500\" height=\"430\" title='BD IMGP3157' alt=''  itemprop=\"thumbnailUrl\"   \/><\/div><\/li><li  class='avia-slideshow-slide av-kpqtojx9-b48cd155f13be13eb6ab99dd1151dfda__1  slide-2 slide-even'><div data-rel='slideshow-1' class='avia-slide-wrap '   ><img decoding=\"async\" class=\"wp-image-3570 avia-img-lazy-loading-not-3570\"  src=\"https:\/\/decuatro.es\/wp-content\/uploads\/2021\/06\/Danis-Stent-1500x430.jpg\" width=\"1500\" height=\"430\" title='Danis Stent' alt=''  itemprop=\"thumbnailUrl\"   \/><\/div><\/li><\/ul><div class='avia-slideshow-arrows avia-slideshow-controls' ><a href='#prev' class='prev-slide ' aria-hidden='true' data-av_icon='\ue87c' data-av_iconfont='entypo-fontello'  tabindex='-1'>Anterior<\/a><a href='#next' class='next-slide ' aria-hidden='true' data-av_icon='\ue87d' data-av_iconfont='entypo-fontello'  tabindex='-1'>Seg\u00fcent<\/a><\/div><div class='avia-slideshow-dots avia-slideshow-controls'><a href='#1' class='goto-slide active' >1<\/a><a href='#2' class='goto-slide ' >2<\/a><\/div><\/div><\/div><div id='after_full_slider_1'  class='main_color av_default_container_wrap container_wrap fullsize'  ><div class='container av-section-cont-open' ><div class='template-page content  av-content-full alpha units'><div class='post-entry post-entry-type-page post-entry-3554'><div class='entry-content-wrapper clearfix'>\n\n<style type=\"text\/css\" data-created_by=\"avia_inline_auto\" id=\"style-css-av-kpqu77yz-8a13cb09f836489a737fad45909ecd4d\">\n#top .av-special-heading.av-kpqu77yz-8a13cb09f836489a737fad45909ecd4d{\npadding-bottom:10px;\n}\nbody .av-special-heading.av-kpqu77yz-8a13cb09f836489a737fad45909ecd4d .av-special-heading-tag .heading-char{\nfont-size:25px;\n}\n.av-special-heading.av-kpqu77yz-8a13cb09f836489a737fad45909ecd4d .av-subheading{\nfont-size:15px;\n}\n<\/style>\n<div  class='av-special-heading av-kpqu77yz-8a13cb09f836489a737fad45909ecd4d av-special-heading-h3  avia-builder-el-1  el_after_av_slideshow_full  el_before_av_hr  avia-builder-el-first '><h3 class='av-special-heading-tag'  itemprop=\"headline\"  >Empreses i productes que distribu\u00efm<\/h3><div class=\"special-heading-border\"><div class=\"special-heading-inner-border\"><\/div><\/div><\/div>\n\n<style type=\"text\/css\" data-created_by=\"avia_inline_auto\" id=\"style-css-av-kpqucs2e-9327c253bf3eef20954435fbbffe4d53\">\n#top .hr.hr-invisible.av-kpqucs2e-9327c253bf3eef20954435fbbffe4d53{\nheight:30px;\n}\n<\/style>\n<div  class='hr av-kpqucs2e-9327c253bf3eef20954435fbbffe4d53 hr-invisible  avia-builder-el-2  el_after_av_heading  el_before_av_one_third '><span class='hr-inner '><span class=\"hr-inner-style\"><\/span><\/span><\/div>\n\n<style type=\"text\/css\" data-created_by=\"avia_inline_auto\" id=\"style-css-av-6vwjfk-548200945b5f532ec28d544ef394313a\">\n.flex_column.av-6vwjfk-548200945b5f532ec28d544ef394313a{\n-webkit-border-radius:0px 0px 0px 0px;\n-moz-border-radius:0px 0px 0px 0px;\nborder-radius:0px 0px 0px 0px;\npadding:0px 0px 0px 0px;\n}\n<\/style>\n<div class='flex_column av-6vwjfk-548200945b5f532ec28d544ef394313a av_one_third  avia-builder-el-3  el_after_av_hr  el_before_av_hr  first flex_column_div av-zero-column-padding '     ><p>\n<style type=\"text\/css\" data-created_by=\"avia_inline_auto\" id=\"style-css-av-65ggqo-7ca2a44fdbc5ee383f64ee1f4d6c2b72\">\n.avia-image-container.av-65ggqo-7ca2a44fdbc5ee383f64ee1f4d6c2b72 img.avia_image{\nbox-shadow:none;\n}\n.avia-image-container.av-65ggqo-7ca2a44fdbc5ee383f64ee1f4d6c2b72 .av-image-caption-overlay-center{\ncolor:#ffffff;\n}\n<\/style>\n<div  class='avia-image-container av-65ggqo-7ca2a44fdbc5ee383f64ee1f4d6c2b72 av-styling-no-styling avia-align-center  avia-builder-el-4  el_before_av_textblock  avia-builder-el-first '   itemprop=\"image\" itemscope=\"itemscope\" itemtype=\"https:\/\/schema.org\/ImageObject\" ><div class=\"avia-image-container-inner\"><div class=\"avia-image-overlay-wrap\"><a href=\"https:\/\/ellacs.cz\/en\/products\" class='avia_image' target=\"_blank\" rel=\"noopener noreferrer\"><img decoding=\"async\" class='wp-image-3558 avia-img-lazy-loading-not-3558 avia_image ' src=\"https:\/\/decuatro.es\/wp-content\/uploads\/2021\/06\/ella-cs_logo_back-180x180.png\" alt='' title='ella cs_logo_back'  height=\"180\" width=\"180\"  itemprop=\"thumbnailUrl\" srcset=\"https:\/\/decuatro.es\/wp-content\/uploads\/2021\/06\/ella-cs_logo_back-180x180.png 180w, https:\/\/decuatro.es\/wp-content\/uploads\/2021\/06\/ella-cs_logo_back-300x300.png 300w, https:\/\/decuatro.es\/wp-content\/uploads\/2021\/06\/ella-cs_logo_back-1030x1030.png 1030w, https:\/\/decuatro.es\/wp-content\/uploads\/2021\/06\/ella-cs_logo_back-80x80.png 80w, https:\/\/decuatro.es\/wp-content\/uploads\/2021\/06\/ella-cs_logo_back-768x768.png 768w, https:\/\/decuatro.es\/wp-content\/uploads\/2021\/06\/ella-cs_logo_back-36x36.png 36w, https:\/\/decuatro.es\/wp-content\/uploads\/2021\/06\/ella-cs_logo_back-705x705.png 705w, https:\/\/decuatro.es\/wp-content\/uploads\/2021\/06\/ella-cs_logo_back.png 1299w\" sizes=\"(max-width: 180px) 100vw, 180px\" \/><\/a><\/div><\/div><\/div><br \/>\n<section  class='av_textblock_section av-kpqtm308-5203e67010b85160d9a900a8833beca3'  itemscope=\"itemscope\" itemtype=\"https:\/\/schema.org\/CreativeWork\" ><div class='avia_textblock'  itemprop=\"text\" ><p>Fundada el 1991, l&#8217;empresa ELLA-CS porta m\u00e9s de 30 anys desenvolupant i fabricant productes m\u00e8dics per al tracte gastrointestinal i les vies a\u00e8ries. Els seus productes s\u00f3n presents en m\u00e9s de 70 pa\u00efsos. La companyia coopera amb els principals especialistes i hospitals de tot el m\u00f3n i segueix els principis d&#8217;alta qualitat d&#8217;acord amb les normes i reglaments europeus.<\/p>\n<\/div><\/section><br \/>\n<div  class='togglecontainer av-kpqtrybh-c27daa199887002c95a33316f89c8dfa  avia-builder-el-6  el_after_av_textblock  avia-builder-el-last  toggle_close_all' >\n<section class='av_toggle_section av-kpqtrm1y-cb6e87bd8920129e7bb047dc498bf26b'  itemscope=\"itemscope\" itemtype=\"https:\/\/schema.org\/CreativeWork\" ><div role=\"tablist\" class=\"single_toggle\" data-tags=\"{All} \"  ><p data-fake-id='#toggle-id-1' class='toggler   '  itemprop=\"headline\"  role='tab' tabindex='0' aria-controls='toggle-id-1'>LLISTAT DE PRODUCTES DE ELLA-CS<span class=\"toggle_icon\"><span class=\"vert_icon\"><\/span><span class=\"hor_icon\"><\/span><\/span><\/p><div id='toggle-id-1' class='toggle_wrap  '  ><div class='toggle_content invers-color '  itemprop=\"text\" ><ul>\n<li>Endopr\u00f2tesis esof\u00e0gica SX-ELLA Danis<\/li>\n<li>Endopr\u00f2tesis esof\u00e0gica Danis Seal<\/li>\n<li>Endopr\u00f2tesis esof\u00e0gica SX-ELLA HV Plus<\/li>\n<li>Endopr\u00f2tesis esof\u00e0gica SX-ELLA degradable BD<\/li>\n<li>Endopr\u00f2tesis biliar SX-ELLA Nitinella Plus<\/li>\n<li>Endopr\u00f2tesis biliar SX-ELLA Nitinella Plus B<\/li>\n<li>Endopr\u00f2tesis colorectal SX-ELLA Enterella<\/li>\n<li>Endopr\u00f2tesis p\u00edloroduodenal SX-ELLA Enterella<\/li>\n<li>Extractor ELLA per a endopr\u00f2tesi esof\u00e0giques<\/li>\n<\/ul>\n<\/div><\/div><\/div><\/section>\n<\/div><\/p><\/div>\n\n<style type=\"text\/css\" data-created_by=\"avia_inline_auto\" id=\"style-css-av-kpqubx8w-0c86d9540b6f474f177f0926ccf94d61\">\n#top .hr.hr-invisible.av-kpqubx8w-0c86d9540b6f474f177f0926ccf94d61{\nheight:150px;\n}\n<\/style>\n<div  class='hr av-kpqubx8w-0c86d9540b6f474f177f0926ccf94d61 hr-invisible  avia-builder-el-7  el_after_av_one_third  avia-builder-el-last '><span class='hr-inner '><span class=\"hr-inner-style\"><\/span><\/span><\/div>\n","protected":false},"excerpt":{"rendered":"","protected":false},"author":1,"featured_media":0,"parent":0,"menu_order":0,"comment_status":"closed","ping_status":"closed","template":"","meta":{"footnotes":""},"class_list":["post-3554","page","type-page","status-publish","hentry"],"_links":{"self":[{"href":"https:\/\/decuatro.es\/ca\/wp-json\/wp\/v2\/pages\/3554","targetHints":{"allow":["GET"]}}],"collection":[{"href":"https:\/\/decuatro.es\/ca\/wp-json\/wp\/v2\/pages"}],"about":[{"href":"https:\/\/decuatro.es\/ca\/wp-json\/wp\/v2\/types\/page"}],"author":[{"embeddable":true,"href":"https:\/\/decuatro.es\/ca\/wp-json\/wp\/v2\/users\/1"}],"replies":[{"embeddable":true,"href":"https:\/\/decuatro.es\/ca\/wp-json\/wp\/v2\/comments?post=3554"}],"version-history":[{"count":5,"href":"https:\/\/decuatro.es\/ca\/wp-json\/wp\/v2\/pages\/3554\/revisions"}],"predecessor-version":[{"id":3569,"href":"https:\/\/decuatro.es\/ca\/wp-json\/wp\/v2\/pages\/3554\/revisions\/3569"}],"wp:attachment":[{"href":"https:\/\/decuatro.es\/ca\/wp-json\/wp\/v2\/media?parent=3554"}],"curies":[{"name":"wp","href":"https:\/\/api.w.org\/{rel}","templated":true}]}}