{"id":3762,"date":"2021-07-27T11:31:21","date_gmt":"2021-07-27T11:31:21","guid":{"rendered":"https:\/\/decuatro.es\/?page_id=3762"},"modified":"2021-12-16T08:52:33","modified_gmt":"2021-12-16T08:52:33","slug":"electromedicina","status":"publish","type":"page","link":"https:\/\/decuatro.es\/ca\/electromedicina\/","title":{"rendered":"ELECTROMEDICINA"},"content":{"rendered":"<div id='full_slider_1'  class='avia-fullwidth-slider main_color avia-shadow   avia-builder-el-0  el_before_av_heading  avia-builder-el-first   container_wrap fullsize'  ><div  class='avia-slideshow av-7jag2o-cb01996ee48aa629c823440bba1c2451 avia-slideshow-featured av_slideshow_full avia-slide-slider av-slideshow-ui av-control-default av-slideshow-manual av-loop-once av-loop-manual-endless av-default-height-applied   avia-slideshow-1' data-slideshow-options=\"{&quot;animation&quot;:&quot;slide&quot;,&quot;autoplay&quot;:false,&quot;loop_autoplay&quot;:&quot;once&quot;,&quot;interval&quot;:5,&quot;loop_manual&quot;:&quot;manual-endless&quot;,&quot;autoplay_stopper&quot;:false,&quot;noNavigation&quot;:false,&quot;bg_slider&quot;:false,&quot;keep_padding&quot;:false,&quot;hoverpause&quot;:false,&quot;show_slide_delay&quot;:0}\"  itemprop=\"image\" itemscope=\"itemscope\" itemtype=\"https:\/\/schema.org\/ImageObject\" ><ul class='avia-slideshow-inner ' style='padding-bottom: 28.666666666667%;'><li  class='avia-slideshow-slide av-7jag2o-cb01996ee48aa629c823440bba1c2451__0  slide-1 slide-odd'><div data-rel='slideshow-1' class='avia-slide-wrap '   ><img decoding=\"async\" class=\"wp-image-3768 avia-img-lazy-loading-not-3768\"  src=\"https:\/\/decuatro.es\/wp-content\/uploads\/2021\/07\/IVTM_DV_Therm_open_33_RT-1-1500x430.jpg\" width=\"1500\" height=\"430\" title='IVTM_DV_Therm_open_33_RT (1)' alt=''  itemprop=\"thumbnailUrl\"   \/><\/div><\/li><li  class='avia-slideshow-slide av-7jag2o-cb01996ee48aa629c823440bba1c2451__1  slide-2 slide-even'><div data-rel='slideshow-1' class='avia-slide-wrap '   ><img decoding=\"async\" class=\"wp-image-3770 avia-img-lazy-loading-not-3770\"  src=\"https:\/\/decuatro.es\/wp-content\/uploads\/2021\/07\/Lineup-3-1500x430.jpg\" width=\"1500\" height=\"430\" title='Lineup (3)' alt=''  itemprop=\"thumbnailUrl\"   \/><\/div><\/li><li  class='avia-slideshow-slide av-7jag2o-cb01996ee48aa629c823440bba1c2451__2  slide-3 slide-odd'><div data-rel='slideshow-1' class='avia-slide-wrap '   ><img decoding=\"async\" class=\"wp-image-3772 avia-img-lazy-loading-not-3772\"  src=\"https:\/\/decuatro.es\/wp-content\/uploads\/2021\/07\/IVTMCathFam_HR-2-1500x430.jpg\" width=\"1500\" height=\"430\" title='IVTMCathFam_HR (2)' alt=''  itemprop=\"thumbnailUrl\"   \/><\/div><\/li><\/ul><div class='avia-slideshow-arrows avia-slideshow-controls' ><a href='#prev' class='prev-slide ' aria-hidden='true' data-av_icon='\ue87c' data-av_iconfont='entypo-fontello'  tabindex='-1'>Anterior<\/a><a href='#next' class='next-slide ' aria-hidden='true' data-av_icon='\ue87d' data-av_iconfont='entypo-fontello'  tabindex='-1'>Seg\u00fcent<\/a><\/div><div class='avia-slideshow-dots avia-slideshow-controls'><a href='#1' class='goto-slide active' >1<\/a><a href='#2' class='goto-slide ' >2<\/a><a href='#3' class='goto-slide ' >3<\/a><\/div><\/div><\/div><div id='after_full_slider_1'  class='main_color av_default_container_wrap container_wrap fullsize'  ><div class='container av-section-cont-open' ><div class='template-page content  av-content-full alpha units'><div class='post-entry post-entry-type-page post-entry-3762'><div class='entry-content-wrapper clearfix'>\n\n<style type=\"text\/css\" data-created_by=\"avia_inline_auto\" id=\"style-css-av-kpqu77yz-8a13cb09f836489a737fad45909ecd4d\">\n#top .av-special-heading.av-kpqu77yz-8a13cb09f836489a737fad45909ecd4d{\npadding-bottom:10px;\n}\nbody .av-special-heading.av-kpqu77yz-8a13cb09f836489a737fad45909ecd4d .av-special-heading-tag .heading-char{\nfont-size:25px;\n}\n.av-special-heading.av-kpqu77yz-8a13cb09f836489a737fad45909ecd4d .av-subheading{\nfont-size:15px;\n}\n<\/style>\n<div  class='av-special-heading av-kpqu77yz-8a13cb09f836489a737fad45909ecd4d av-special-heading-h3  avia-builder-el-1  el_after_av_slideshow_full  el_before_av_hr  avia-builder-el-first '><h3 class='av-special-heading-tag'  itemprop=\"headline\"  >Empreses i productes que distribu\u00efm<\/h3><div class=\"special-heading-border\"><div class=\"special-heading-inner-border\"><\/div><\/div><\/div>\n\n<style type=\"text\/css\" data-created_by=\"avia_inline_auto\" id=\"style-css-av-kpqucs2e-9327c253bf3eef20954435fbbffe4d53\">\n#top .hr.hr-invisible.av-kpqucs2e-9327c253bf3eef20954435fbbffe4d53{\nheight:30px;\n}\n<\/style>\n<div  class='hr av-kpqucs2e-9327c253bf3eef20954435fbbffe4d53 hr-invisible  avia-builder-el-2  el_after_av_heading  el_before_av_one_third '><span class='hr-inner '><span class=\"hr-inner-style\"><\/span><\/span><\/div>\n\n<style type=\"text\/css\" data-created_by=\"avia_inline_auto\" id=\"style-css-av-6vwjfk-548200945b5f532ec28d544ef394313a\">\n.flex_column.av-6vwjfk-548200945b5f532ec28d544ef394313a{\n-webkit-border-radius:0px 0px 0px 0px;\n-moz-border-radius:0px 0px 0px 0px;\nborder-radius:0px 0px 0px 0px;\npadding:0px 0px 0px 0px;\n}\n<\/style>\n<div class='flex_column av-6vwjfk-548200945b5f532ec28d544ef394313a av_one_third  avia-builder-el-3  el_after_av_hr  el_before_av_one_fifth  first flex_column_div av-zero-column-padding '     ><p>\n<style type=\"text\/css\" data-created_by=\"avia_inline_auto\" id=\"style-css-av-65ggqo-118d6a7fa9a840bdc3e0e52a4223f05f\">\n.avia-image-container.av-65ggqo-118d6a7fa9a840bdc3e0e52a4223f05f img.avia_image{\nbox-shadow:none;\n}\n.avia-image-container.av-65ggqo-118d6a7fa9a840bdc3e0e52a4223f05f .av-image-caption-overlay-center{\ncolor:#ffffff;\n}\n<\/style>\n<div  class='avia-image-container av-65ggqo-118d6a7fa9a840bdc3e0e52a4223f05f av-styling- avia-align-center  avia-builder-el-4  el_before_av_textblock  avia-builder-el-first '   itemprop=\"image\" itemscope=\"itemscope\" itemtype=\"https:\/\/schema.org\/ImageObject\" ><div class=\"avia-image-container-inner\"><div class=\"avia-image-overlay-wrap\"><a href=\"https:\/\/www.zoll.com\/\" class='avia_image' target=\"_blank\" rel=\"noopener noreferrer\"><img decoding=\"async\" class='wp-image-3766 avia-img-lazy-loading-not-3766 avia_image ' src=\"https:\/\/decuatro.es\/wp-content\/uploads\/2021\/07\/zoll-ak-logo-web.png\" alt='' title='zoll-ak-logo-web'  height=\"124\" width=\"282\"  itemprop=\"thumbnailUrl\"  \/><\/a><\/div><\/div><\/div><br \/>\n<section  class='av_textblock_section av-kpqtm308-5203e67010b85160d9a900a8833beca3'  itemscope=\"itemscope\" itemtype=\"https:\/\/schema.org\/CreativeWork\" ><div class='avia_textblock'  itemprop=\"text\" ><p>ZOLL Medical Corporation, una empresa d&#8217;Asahi Kasei, desenvolupa i comercialitza dispositius m\u00e8dics i solucions de programari que ajuden a millorar l&#8217;atenci\u00f3 d&#8217;emerg\u00e8ncia i salvar vides, a el temps que empra l&#8217;efici\u00e8ncia cl\u00ednica i operativa. Amb productes per desfibril\u00b7laci\u00f3 i monitoritzaci\u00f3 card\u00edaca, millora de la circulaci\u00f3 i retroalimentaci\u00f3 de RCP, oxigenoter\u00e0pia sobresaturada, gesti\u00f3 de dades, ventilaci\u00f3 i gesti\u00f3 de la temperatura terap\u00e8utica, ZOLL proporciona un conjunt complet de tecnologies que ajuden als metges, els professionals d&#8217;emerg\u00e8ncies m\u00e8diques i els bombers, aix\u00ed com als socorristes llecs, millorar els resultats de l&#8217;pacient en condicions cardiopulmonars cr\u00edtiques.<\/p>\n<\/div><\/section><br \/>\n<div  class='togglecontainer av-kpqtrybh-2a6112a0fbac65a77ebceb2c6776bca0  avia-builder-el-6  el_after_av_textblock  avia-builder-el-last  toggle_close_all' >\n<section class='av_toggle_section av-kpqtrm1y-d80e8e518aae388737f3631a757df44d'  itemscope=\"itemscope\" itemtype=\"https:\/\/schema.org\/CreativeWork\" ><div role=\"tablist\" class=\"single_toggle\" data-tags=\"{All} \"  ><p data-fake-id='#toggle-id-1' class='toggler   '  itemprop=\"headline\"  role='tab' tabindex='0' aria-controls='toggle-id-1'>LLISTAT DE PRODUCTES DE ZOLL CIRCULATION<span class=\"toggle_icon\"><span class=\"vert_icon\"><\/span><span class=\"hor_icon\"><\/span><\/span><\/p><div id='toggle-id-1' class='toggle_wrap  '  ><div class='toggle_content invers-color '  itemprop=\"text\" ><ul>\n<li>Sistema de control de Temperatura Thermogard XP\u00ae<\/li>\n<li>Cat\u00e8ters intravasculars d&#8217;intercanvi t\u00e8rmic COOL LINE\u00ae<\/li>\n<li>Cat\u00e8ters intravasculars d&#8217;intercanvi t\u00e8rmic ICY\u00ae<\/li>\n<li>Cat\u00e8ters intravasculars d&#8217;intercanvi t\u00e8rmic QUATTRO\u00ae<\/li>\n<\/ul>\n<\/div><\/div><\/div><\/section>\n<\/div><\/p><\/div>\n<style type=\"text\/css\" data-created_by=\"avia_inline_auto\" id=\"style-css-av-av_one_fifth-7984035d50f0055e2d8c0f71fa3ebd04\">\n.flex_column.av-av_one_fifth-7984035d50f0055e2d8c0f71fa3ebd04{\n-webkit-border-radius:0px 0px 0px 0px;\n-moz-border-radius:0px 0px 0px 0px;\nborder-radius:0px 0px 0px 0px;\npadding:0px 0px 0px 0px;\n}\n<\/style>\n<div class='flex_column av-av_one_fifth-7984035d50f0055e2d8c0f71fa3ebd04 av_one_fifth  avia-builder-el-7  el_after_av_one_third  el_before_av_two_fifth  flex_column_div av-zero-column-padding '     ><\/div><\/p>\n\n<style type=\"text\/css\" data-created_by=\"avia_inline_auto\" id=\"style-css-av-av_two_fifth-7984035d50f0055e2d8c0f71fa3ebd04\">\n.flex_column.av-av_two_fifth-7984035d50f0055e2d8c0f71fa3ebd04{\n-webkit-border-radius:0px 0px 0px 0px;\n-moz-border-radius:0px 0px 0px 0px;\nborder-radius:0px 0px 0px 0px;\npadding:0px 0px 0px 0px;\n}\n<\/style>\n<div class='flex_column av-av_two_fifth-7984035d50f0055e2d8c0f71fa3ebd04 av_two_fifth  avia-builder-el-8  el_after_av_one_fifth  el_before_av_hr  flex_column_div av-zero-column-padding '     ><p>\n<style type=\"text\/css\" data-created_by=\"avia_inline_auto\" id=\"style-css-av-av_hr-5d676c9ed7be3a08936c51c97e75c1ab\">\n#top .hr.hr-invisible.av-av_hr-5d676c9ed7be3a08936c51c97e75c1ab{\nheight:100px;\n}\n<\/style>\n<div  class='hr av-av_hr-5d676c9ed7be3a08936c51c97e75c1ab hr-invisible  avia-builder-el-9  el_before_av_textblock  avia-builder-el-first '><span class='hr-inner '><span class=\"hr-inner-style\"><\/span><\/span><\/div><br \/>\n\n<style type=\"text\/css\" data-created_by=\"avia_inline_auto\" id=\"style-css-av-kt19vl6y-39c2f258dae0c5e86fa4d117d5232609\">\n#top .av_textblock_section.av-kt19vl6y-39c2f258dae0c5e86fa4d117d5232609 .avia_textblock{\nfont-size:16px;\n}\n<\/style>\n<section  class='av_textblock_section av-kt19vl6y-39c2f258dae0c5e86fa4d117d5232609'  itemscope=\"itemscope\" itemtype=\"https:\/\/schema.org\/CreativeWork\" ><div class='avia_textblock'  itemprop=\"text\" ><p>D&#8217;4 <span class=\"VIiyi\" lang=\"ca\"><span class=\"JLqJ4b ChMk0b\" data-language-for-alternatives=\"ca\" data-language-to-translate-into=\"es\" data-phrase-index=\"0\">completa la seva<\/span> <span class=\"JLqJ4b ChMk0b\" data-language-for-alternatives=\"ca\" data-language-to-translate-into=\"es\" data-phrase-index=\"1\">oferta per<\/span> <span class=\"JLqJ4b ChMk0b\" data-language-for-alternatives=\"ca\" data-language-to-translate-into=\"es\" data-phrase-index=\"2\">electromedicina<\/span> <span class=\"JLqJ4b ChMk0b\" data-language-for-alternatives=\"ca\" data-language-to-translate-into=\"es\" data-phrase-index=\"3\">amb<\/span> <span class=\"JLqJ4b ChMk0b\" data-language-for-alternatives=\"ca\" data-language-to-translate-into=\"es\" data-phrase-index=\"4\">una cartera<\/span> <span class=\"JLqJ4b ChMk0b\" data-language-for-alternatives=\"ca\" data-language-to-translate-into=\"es\" data-phrase-index=\"5\">de productes que<\/span> <span class=\"JLqJ4b ChMk0b\" data-language-for-alternatives=\"ca\" data-language-to-translate-into=\"es\" data-phrase-index=\"6\">inclouen<\/span><\/span> desfibril\u00b7ladors: b\u00e0sics i multiparam\u00e8trics, DEA, monitors ECG de la marca <strong>Nihon Khoden<\/strong> aix\u00ed com maniguets, sensors i cables de les empreses <strong>Biotec M\u00e8dica<\/strong> i <strong>OMRON<\/strong>.<\/p>\n<\/div><\/section><\/p><\/div>\n\n<style type=\"text\/css\" data-created_by=\"avia_inline_auto\" id=\"style-css-av-kpqubx8w-0c86d9540b6f474f177f0926ccf94d61\">\n#top .hr.hr-invisible.av-kpqubx8w-0c86d9540b6f474f177f0926ccf94d61{\nheight:150px;\n}\n<\/style>\n<div  class='hr av-kpqubx8w-0c86d9540b6f474f177f0926ccf94d61 hr-invisible  avia-builder-el-11  el_after_av_two_fifth  avia-builder-el-last '><span class='hr-inner '><span class=\"hr-inner-style\"><\/span><\/span><\/div>\n","protected":false},"excerpt":{"rendered":"","protected":false},"author":1,"featured_media":0,"parent":0,"menu_order":0,"comment_status":"closed","ping_status":"closed","template":"","meta":{"footnotes":""},"class_list":["post-3762","page","type-page","status-publish","hentry"],"_links":{"self":[{"href":"https:\/\/decuatro.es\/ca\/wp-json\/wp\/v2\/pages\/3762","targetHints":{"allow":["GET"]}}],"collection":[{"href":"https:\/\/decuatro.es\/ca\/wp-json\/wp\/v2\/pages"}],"about":[{"href":"https:\/\/decuatro.es\/ca\/wp-json\/wp\/v2\/types\/page"}],"author":[{"embeddable":true,"href":"https:\/\/decuatro.es\/ca\/wp-json\/wp\/v2\/users\/1"}],"replies":[{"embeddable":true,"href":"https:\/\/decuatro.es\/ca\/wp-json\/wp\/v2\/comments?post=3762"}],"version-history":[{"count":10,"href":"https:\/\/decuatro.es\/ca\/wp-json\/wp\/v2\/pages\/3762\/revisions"}],"predecessor-version":[{"id":3808,"href":"https:\/\/decuatro.es\/ca\/wp-json\/wp\/v2\/pages\/3762\/revisions\/3808"}],"wp:attachment":[{"href":"https:\/\/decuatro.es\/ca\/wp-json\/wp\/v2\/media?parent=3762"}],"curies":[{"name":"wp","href":"https:\/\/api.w.org\/{rel}","templated":true}]}}